{"id":3149,"date":"2023-09-21T19:19:14","date_gmt":"2023-09-21T19:19:14","guid":{"rendered":"https:\/\/advisentlatam.com\/privacidad\/"},"modified":"2026-03-27T15:44:57","modified_gmt":"2026-03-27T18:44:57","slug":"privacidad","status":"publish","type":"page","link":"https:\/\/www.advisentlatam.com\/en\/privacidad\/","title":{"rendered":"Pol\u00edtica de privacidad"},"content":{"rendered":"<div data-elementor-type=\"wp-page\" data-elementor-id=\"3149\" class=\"elementor elementor-3149\">\n\t\t\t\t\t\t<section class=\"elementor-section elementor-top-section elementor-element elementor-element-2a13ae76 elementor-section-boxed elementor-section-height-default elementor-section-height-default\" data-id=\"2a13ae76\" data-element_type=\"section\" data-e-type=\"section\">\n\t\t\t\t\t\t<div class=\"elementor-container elementor-column-gap-default\">\n\t\t\t\t\t<div class=\"elementor-column elementor-col-100 elementor-top-column elementor-element elementor-element-2900f6d9\" data-id=\"2900f6d9\" data-element_type=\"column\" data-e-type=\"column\">\n\t\t\t<div class=\"elementor-widget-wrap elementor-element-populated\">\n\t\t\t\t\t\t<div class=\"elementor-element elementor-element-48b93fa elementor-widget elementor-widget-text-editor\" data-id=\"48b93fa\" data-element_type=\"widget\" data-e-type=\"widget\" data-widget_type=\"text-editor.default\">\n\t\t\t\t<div class=\"elementor-widget-container\">\n\t\t\t\t\t\t\t\t\t<p><b>PRIVACY POLICY<\/b><\/p>\n<p><!-- \/wp:shortcode --><\/p>\t\t\t\t\t\t\t\t<\/div>\n\t\t\t\t<\/div>\n\t\t\t\t\t<\/div>\n\t\t<\/div>\n\t\t\t\t\t<\/div>\n\t\t<\/section>\n\t\t\t\t<section class=\"elementor-section elementor-top-section elementor-element elementor-element-a69adc3 elementor-section-boxed elementor-section-height-default elementor-section-height-default\" data-id=\"a69adc3\" data-element_type=\"section\" data-e-type=\"section\">\n\t\t\t\t\t\t<div class=\"elementor-container elementor-column-gap-default\">\n\t\t\t\t\t<div class=\"elementor-column elementor-col-100 elementor-top-column elementor-element elementor-element-c4a592f\" data-id=\"c4a592f\" data-element_type=\"column\" data-e-type=\"column\">\n\t\t\t<div class=\"elementor-widget-wrap elementor-element-populated\">\n\t\t\t\t\t\t<div class=\"elementor-element elementor-element-829db64 elementor-widget elementor-widget-text-editor\" data-id=\"829db64\" data-element_type=\"widget\" data-e-type=\"widget\" data-widget_type=\"text-editor.default\">\n\t\t\t\t<div class=\"elementor-widget-container\">\n\t\t\t\t\t\t\t\t\t<p><b>INTRODUCTION<\/b><\/p>\n<p><span style=\"font-weight: 400;\">At Advisent Latam, aware of the needs of Internet users and the importance of strict privacy regarding the personal information entrusted to us, we include this privacy statement to inform you about our policy regarding the processing of personal data collected from our visitors and users.<\/span><\/p>\n<p><span style=\"font-weight: 400;\">As a user, you accept these conditions simply by reading, viewing, or browsing the website. If you do not accept them, you must leave the site without making any use of it or its content, and without accessing any linked pages.<\/span><\/p>\n<p><b>DATA CONTROLLER<\/b><\/p>\n<p><span style=\"font-weight: 400;\">The owner of the website and the party responsible for data processing is Advisent Latam, with NIE X00000000T. To contact us, you can use the email address\u00a0<\/span><a href=\"mailto:contacto@advisentlatam.com\"><span style=\"font-weight: 400;\">contacto@advisentlatam.com<\/span><\/a><span style=\"font-weight: 400;\">, phone number +54 9 11 6233 0588, or postal mail at 13, Rue del Percebe 703 Waterford Way, 805 Miami, FL 33126, ZIP code 33126, Miami, Florida.<\/span><\/p>\n<p><b>PURPOSE OF DATA PROCESSING<\/b><\/p>\n<p><span style=\"font-weight: 400;\">The use of your data is carried out because you give us your consent to use the data you provide in the forms for the specific purposes indicated in each of them. Your data is only necessary for the specific uses for which it is requested; if you do not provide it, those services will not be possible.<\/span><\/p>\n<p><span style=\"font-weight: 400;\">The data will be stored as long as there is a foreseeable use for the purpose for which it was collected.<\/span><\/p>\n<p><span style=\"font-weight: 400;\">No automated decision-making is carried out with your data.<\/span><\/p>\n<p><span style=\"font-weight: 400;\">The website may use cookies; please refer to our\u00a0<\/span><a href=\"https:\/\/growuplatam.com\/cookies\/\"><span style=\"font-weight: 400;\">cookie policy.<\/span><\/a><span style=\"font-weight: 400;\">.<\/span><\/p>\n<p><b>LEGAL BASIS FOR DATA PROCESSING<\/b><\/p>\n<p><span style=\"font-weight: 400;\">Your data is processed because you consent to its use via the forms for the specific purposes indicated therein. Your data is only required for the purposes requested; if you do not provide it, those services cannot be provided.<\/span><\/p>\n<p><b>DATA TRANSFERS AND DISCLOSURES<\/b><\/p>\n<p><span style=\"font-weight: 400;\">We are firmly committed to ensuring that the data you provide to Advisent Latam will not be sold or transferred to third parties without your prior consent under any circumstances, except with express consent or legal obligation.<\/span><\/p>\n<p><span style=\"font-weight: 400;\">Our website contains links to third-party websites. Advisent Latam is not responsible for the privacy policies and practices of these other sites.<\/span><\/p>\n<p><b>DATA SUBJECT RIGHTS<\/b><\/p>\n<p><span style=\"font-weight: 400;\">You have the right to access the information stored about you in our databases, correct it if there are any errors, delete it, limit it, object to its processing, and withdraw your consent if that is your wish.\u00a0<\/span><a href=\"mailto:contacto@advisentlatam.com\"><span style=\"font-weight: 400;\">contacto@advisentlatam.com<\/span><\/a><span style=\"font-weight: 400;\">\u00a0, and we will gladly assist you with any questions, comments, or clarifications required.<\/span><\/p>\n<p><span style=\"font-weight: 400;\">For more information on related topics, the reference website in Spain is the\u00a0<\/span><a href=\"https:\/\/www.agpd.es\/\"><span style=\"font-weight: 400;\">Spanish Data Protection Agency,<\/span><\/a><span style=\"font-weight: 400;\">where you have the right to file a complaint.<\/span><\/p>\n<p><b>COOKIE POLICY<\/b><\/p>\n<h3><b>This website uses cookies.<\/b><\/h3>\n<p><span style=\"font-weight: 400;\">In compliance with Law 34\/2002 of July 11 on Information Society Services and Electronic Commerce (LSSICE), we inform you that this\u00a0<\/span><b>Advisent Latam<\/b><span style=\"font-weight: 400;\">\u00a0uses cookies.<\/span><\/p>\n<p><span style=\"font-weight: 400;\">LSSICE applies to any type of file or device that is downloaded to a user's device in order to store data that can be updated and retrieved by the entity responsible for its installation. A cookie is one of these commonly used files, which we will generally refer to as cookies.<\/span><\/p>\n<p><span style=\"font-weight: 400;\">Cookies are small text files sent to a browser from a web server to record user activity on a website so that this information can be retrieved later while browsing the different pages connected to the server that installed them.<\/span><\/p>\n<p><span style=\"font-weight: 400;\">The\u00a0<\/span><i><span style=\"font-weight: 400;\">cookies<\/span><\/i><span style=\"font-weight: 400;\">\u00a0usually store technical information, personal preferences, content personalization, usage statistics, links to social networks, access to user accounts, etc.<\/span><\/p>\n<h3><b>Types of Cookies<\/b><\/h3>\n<p><span style=\"font-weight: 400;\">According to the entity that manages them<\/span><\/p>\n<h2><span style=\"font-weight: 400;\">According to the entity that manages them<\/span><\/h2>\n<ul>\n<li style=\"font-weight: 400;\" aria-level=\"1\"><b>First-party cookies:<\/b><span style=\"font-weight: 400;\">\u00a0Sent to the user\u2019s device from a domain managed by the website owner and from which the requested service is provided.<\/span><\/li>\n<li style=\"font-weight: 400;\" aria-level=\"1\"><b>Third-party cookies:<\/b><span style=\"font-weight: 400;\">\u00a0Sent to the user\u2019s device from a domain not managed by the website owner, but by another entity that processes the data obtained through cookies.<\/span><\/li>\n<\/ul>\n<p><span style=\"font-weight: 400;\">If cookies are installed from a domain managed by the website owner but the information collected is managed by a third party, they are not considered first-party cookies.<\/span><\/p>\n<h2><span style=\"font-weight: 400;\">According to how long they remain active<\/span><\/h2>\n<p><span style=\"font-weight: 400;\">According to the length of time they remain active on the user's device, we can distinguish between:<\/span><\/p>\n<ul>\n<li style=\"font-weight: 400;\" aria-level=\"1\"><b>Cookies de sesi\u00f3n:<\/b><span style=\"font-weight: 400;\">\u00a0Designed to collect and store data while the user accesses a website. They are usually used to store information needed only once to provide the requested service.<\/span><\/li>\n<li style=\"font-weight: 400;\" aria-level=\"1\"><b>Persistent cookies:<\/b><span style=\"font-weight: 400;\">\u00a0The data remains stored on the device and can be accessed and processed for a period defined by the cookie owner, which can range from a few minutes to several years.<\/span><\/li>\n<\/ul>\n<h2><span style=\"font-weight: 400;\">According to their purpose<\/span><\/h2>\n<p><span style=\"font-weight: 400;\">According to the purpose for which the data obtained through cookies are processed, we can distinguish between:<\/span><\/p>\n<ul>\n<li style=\"font-weight: 400;\" aria-level=\"1\"><b>Technical cookies:<\/b><span style=\"font-weight: 400;\">\u00a0Allow the user to navigate through a website, platform, or application and use the different options or services available.<\/span><\/li>\n<li style=\"font-weight: 400;\" aria-level=\"1\"><b>Personalization cookies:<\/b><span style=\"font-weight: 400;\">\u00a0Allow the user to access the service with predefined general characteristics such as language, browser type, regional settings, etc.<\/span><\/li>\n<li style=\"font-weight: 400;\" aria-level=\"1\"><b>Analytics cookies:<\/b><span style=\"font-weight: 400;\">\u00a0Allow the website owner to track and analyze user behavior on the websites they are linked to.<\/span><\/li>\n<li style=\"font-weight: 400;\" aria-level=\"1\"><b>Advertising cookies:<\/b><span style=\"font-weight: 400;\">\u00a0Allow the management of advertising spaces in the most efficient way possible.<\/span><\/li>\n<li style=\"font-weight: 400;\" aria-level=\"1\"><b>Behavioral advertising cookies:<\/b><span style=\"font-weight: 400;\">\u00a0Store information about user behavior obtained through continuous observation of browsing habits to develop a specific profile and display advertising accordingly.<\/span><\/li>\n<\/ul>\n<h3><b>How to Disable Cookies in Major Browsers<\/b><\/h3>\n<p><span style=\"font-weight: 400;\">To configure the use of cookies, follow the instructions for your browser or consult its help section:<\/span><\/p>\n<ul>\n<li style=\"font-weight: 400;\" aria-level=\"1\"><a href=\"https:\/\/support.apple.com\/es-es\/HT201265\"><span style=\"font-weight: 400;\">Safari<\/span><\/a><\/li>\n<li style=\"font-weight: 400;\" aria-level=\"1\"><a href=\"https:\/\/support.mozilla.org\/es\/kb\/habilitar-y-deshabilitar-cookies-sitios-web-rastrear-preferencias?redirectlocale=es&amp;redirectslug=habilitar-y-deshabilitar-cookies-que-los-sitios-we\"><span style=\"font-weight: 400;\">Firefox<\/span><\/a><\/li>\n<li style=\"font-weight: 400;\" aria-level=\"1\"><a href=\"https:\/\/support.google.com\/chrome\/answer\/95647?hl=es-es\"><span style=\"font-weight: 400;\">Chrome<\/span><\/a><\/li>\n<li style=\"font-weight: 400;\" aria-level=\"1\"><a href=\"https:\/\/www.opera.com\/help\/tutorials\/security\/privacy\/\"><span style=\"font-weight: 400;\">Opera<\/span><\/a><\/li>\n<li style=\"font-weight: 400;\" aria-level=\"1\"><a href=\"https:\/\/support.microsoft.com\/es-es\/help\/17442\/windows-internet-explorer-delete-manage-cookies\"><span style=\"font-weight: 400;\">Internet Explorer<\/span><\/a><\/li>\n<li style=\"font-weight: 400;\" aria-level=\"1\"><a href=\"https:\/\/privacy.microsoft.com\/es-es\/windows-10-microsoft-edge-and-privacy\"><span style=\"font-weight: 400;\">Edge<\/span><\/a><\/li>\n<\/ul>\n<h3><b>What Happens If Cookies Are Not Accepted<\/b><\/h3>\n<p><span style=\"font-weight: 400;\">Rejecting cookies may prevent access to personalized content and services.<\/span><\/p>\n<h3><b>Updates and Changes to the Cookie Policy<\/b><\/h3>\n<p><span style=\"font-weight: 400;\">Advisent Latam may modify this cookie policy due to legislative or regulatory requirements, to adapt it to instructions issued by the Spanish Data Protection Agency, or for technical or website reorganization reasons. Therefore, we recommend that you review it periodically.<\/span><\/p>\n<h3><b>Contact<\/b><\/h3>\n<p><span style=\"font-weight: 400;\">If you have any questions about how we use cookies, you can contact us at:\u00a0<\/span><a href=\"mailto:contacto@advisentlatam.com\"><span style=\"font-weight: 400;\">contacto@advisentlatam.com<\/span><\/a><span style=\"font-weight: 400;\">.<\/span><\/p>\t\t\t\t\t\t\t\t<\/div>\n\t\t\t\t<\/div>\n\t\t\t\t\t<\/div>\n\t\t<\/div>\n\t\t\t\t\t<\/div>\n\t\t<\/section>\n\t\t\t\t<\/div>","protected":false},"excerpt":{"rendered":"<p>POLITICAS DE PRIVACIDAD INTRODUCCI\u00d3N En Advisent Latam, sensibilizados con las necesidades de los usuarios de Internet y conscientes de la importancia de la rigurosa privacidad de la informaci\u00f3n personal que nos conf\u00edan, incluimos esta declaraci\u00f3n de privacidad con el objeto de que seas consciente de la pol\u00edtica en el tratamiento de los datos personales que obtiene de sus visitantes y usuarios. Como usuario, aceptas estas condiciones por el mero hecho de leer, visualizar o navegar en el sitio. De no aceptarlas, debes abandonar el sitio, sin hacer uso alguno de \u00e9l y su contenido, y sin acceder a las p\u00e1ginas<\/p>","protected":false},"author":2,"featured_media":0,"parent":0,"menu_order":0,"comment_status":"closed","ping_status":"closed","template":"elementor_canvas","meta":{"footnotes":""},"class_list":["post-3149","page","type-page","status-publish","hentry"],"yoast_head":"<!-- This site is optimized with the Yoast SEO plugin v27.4 - https:\/\/yoast.com\/product\/yoast-seo-wordpress\/ -->\n<title>Pol\u00edtica de privacidad - ADVISENT LATAM \u00ae<\/title>\n<meta name=\"robots\" content=\"index, follow, max-snippet:-1, max-image-preview:large, max-video-preview:-1\" \/>\n<link rel=\"canonical\" href=\"http:\/\/www.advisentlatam.com\/en\/privacidad\/\" \/>\n<meta property=\"og:locale\" content=\"en_US\" \/>\n<meta property=\"og:type\" content=\"article\" \/>\n<meta property=\"og:title\" content=\"Pol\u00edtica de privacidad - ADVISENT LATAM \u00ae\" \/>\n<meta property=\"og:description\" content=\"POLITICAS DE PRIVACIDAD INTRODUCCI\u00d3N En Advisent Latam, sensibilizados con las necesidades de los usuarios de Internet y conscientes de la importancia de la rigurosa privacidad de la informaci\u00f3n personal que nos conf\u00edan, incluimos esta declaraci\u00f3n de privacidad con el objeto de que seas consciente de la pol\u00edtica en el tratamiento de los datos personales que obtiene de sus visitantes y usuarios. Como usuario, aceptas estas condiciones por el mero hecho de leer, visualizar o navegar en el sitio. De no aceptarlas, debes abandonar el sitio, sin hacer uso alguno de \u00e9l y su contenido, y sin acceder a las p\u00e1ginas\" \/>\n<meta property=\"og:url\" content=\"http:\/\/www.advisentlatam.com\/en\/privacidad\/\" \/>\n<meta property=\"og:site_name\" content=\"ADVISENT LATAM \u00ae\" \/>\n<meta property=\"article:modified_time\" content=\"2026-03-27T18:44:57+00:00\" \/>\n<meta name=\"twitter:card\" content=\"summary_large_image\" \/>\n<meta name=\"twitter:label1\" content=\"Est. reading time\" \/>\n\t<meta name=\"twitter:data1\" content=\"7 minutes\" \/>\n<script type=\"application\/ld+json\" class=\"yoast-schema-graph\">{\"@context\":\"https:\\\/\\\/schema.org\",\"@graph\":[{\"@type\":\"WebPage\",\"@id\":\"http:\\\/\\\/www.advisentlatam.com\\\/en\\\/privacidad\\\/\",\"url\":\"http:\\\/\\\/www.advisentlatam.com\\\/en\\\/privacidad\\\/\",\"name\":\"Pol\u00edtica de privacidad - ADVISENT LATAM \u00ae\",\"isPartOf\":{\"@id\":\"https:\\\/\\\/www.advisentlatam.com\\\/es_ar\\\/#website\"},\"datePublished\":\"2023-09-21T19:19:14+00:00\",\"dateModified\":\"2026-03-27T18:44:57+00:00\",\"breadcrumb\":{\"@id\":\"http:\\\/\\\/www.advisentlatam.com\\\/en\\\/privacidad\\\/#breadcrumb\"},\"inLanguage\":\"en-US\",\"potentialAction\":[{\"@type\":\"ReadAction\",\"target\":[\"http:\\\/\\\/www.advisentlatam.com\\\/en\\\/privacidad\\\/\"]}]},{\"@type\":\"BreadcrumbList\",\"@id\":\"http:\\\/\\\/www.advisentlatam.com\\\/en\\\/privacidad\\\/#breadcrumb\",\"itemListElement\":[{\"@type\":\"ListItem\",\"position\":1,\"name\":\"Inicio\",\"item\":\"https:\\\/\\\/www.advisentlatam.com\\\/es_ar\\\/\"},{\"@type\":\"ListItem\",\"position\":2,\"name\":\"Pol\u00edtica de privacidad\"}]},{\"@type\":\"WebSite\",\"@id\":\"https:\\\/\\\/www.advisentlatam.com\\\/es_ar\\\/#website\",\"url\":\"https:\\\/\\\/www.advisentlatam.com\\\/es_ar\\\/\",\"name\":\"GROW UP LATAM \u00ae - Agencia Consultora de Influencer Marketing y Creators\",\"description\":\"\",\"publisher\":{\"@id\":\"https:\\\/\\\/www.advisentlatam.com\\\/es_ar\\\/#organization\"},\"potentialAction\":[{\"@type\":\"SearchAction\",\"target\":{\"@type\":\"EntryPoint\",\"urlTemplate\":\"https:\\\/\\\/www.advisentlatam.com\\\/es_ar\\\/?s={search_term_string}\"},\"query-input\":{\"@type\":\"PropertyValueSpecification\",\"valueRequired\":true,\"valueName\":\"search_term_string\"}}],\"inLanguage\":\"en-US\"},{\"@type\":\"Organization\",\"@id\":\"https:\\\/\\\/www.advisentlatam.com\\\/es_ar\\\/#organization\",\"name\":\"GROW UP LATAM \u00ae\",\"url\":\"https:\\\/\\\/www.advisentlatam.com\\\/es_ar\\\/\",\"logo\":{\"@type\":\"ImageObject\",\"inLanguage\":\"en-US\",\"@id\":\"https:\\\/\\\/www.advisentlatam.com\\\/es_ar\\\/#\\\/schema\\\/logo\\\/image\\\/\",\"url\":\"https:\\\/\\\/www.advisentlatam.com\\\/wp-content\\\/uploads\\\/2024\\\/11\\\/logo1-02.svg\",\"contentUrl\":\"https:\\\/\\\/www.advisentlatam.com\\\/wp-content\\\/uploads\\\/2024\\\/11\\\/logo1-02.svg\",\"width\":1080,\"height\":342,\"caption\":\"GROW UP LATAM \u00ae\"},\"image\":{\"@id\":\"https:\\\/\\\/www.advisentlatam.com\\\/es_ar\\\/#\\\/schema\\\/logo\\\/image\\\/\"}}]}<\/script>\n<!-- \/ Yoast SEO plugin. -->","yoast_head_json":{"title":"Pol\u00edtica de privacidad - ADVISENT LATAM \u00ae","robots":{"index":"index","follow":"follow","max-snippet":"max-snippet:-1","max-image-preview":"max-image-preview:large","max-video-preview":"max-video-preview:-1"},"canonical":"http:\/\/www.advisentlatam.com\/en\/privacidad\/","og_locale":"en_US","og_type":"article","og_title":"Pol\u00edtica de privacidad - ADVISENT LATAM \u00ae","og_description":"POLITICAS DE PRIVACIDAD INTRODUCCI\u00d3N En Advisent Latam, sensibilizados con las necesidades de los usuarios de Internet y conscientes de la importancia de la rigurosa privacidad de la informaci\u00f3n personal que nos conf\u00edan, incluimos esta declaraci\u00f3n de privacidad con el objeto de que seas consciente de la pol\u00edtica en el tratamiento de los datos personales que obtiene de sus visitantes y usuarios. Como usuario, aceptas estas condiciones por el mero hecho de leer, visualizar o navegar en el sitio. De no aceptarlas, debes abandonar el sitio, sin hacer uso alguno de \u00e9l y su contenido, y sin acceder a las p\u00e1ginas","og_url":"http:\/\/www.advisentlatam.com\/en\/privacidad\/","og_site_name":"ADVISENT LATAM \u00ae","article_modified_time":"2026-03-27T18:44:57+00:00","twitter_card":"summary_large_image","twitter_misc":{"Est. reading time":"7 minutes"},"schema":{"@context":"https:\/\/schema.org","@graph":[{"@type":"WebPage","@id":"http:\/\/www.advisentlatam.com\/en\/privacidad\/","url":"http:\/\/www.advisentlatam.com\/en\/privacidad\/","name":"Pol\u00edtica de privacidad - ADVISENT LATAM \u00ae","isPartOf":{"@id":"https:\/\/www.advisentlatam.com\/es_ar\/#website"},"datePublished":"2023-09-21T19:19:14+00:00","dateModified":"2026-03-27T18:44:57+00:00","breadcrumb":{"@id":"http:\/\/www.advisentlatam.com\/en\/privacidad\/#breadcrumb"},"inLanguage":"en-US","potentialAction":[{"@type":"ReadAction","target":["http:\/\/www.advisentlatam.com\/en\/privacidad\/"]}]},{"@type":"BreadcrumbList","@id":"http:\/\/www.advisentlatam.com\/en\/privacidad\/#breadcrumb","itemListElement":[{"@type":"ListItem","position":1,"name":"Inicio","item":"https:\/\/www.advisentlatam.com\/es_ar\/"},{"@type":"ListItem","position":2,"name":"Pol\u00edtica de privacidad"}]},{"@type":"WebSite","@id":"https:\/\/www.advisentlatam.com\/es_ar\/#website","url":"https:\/\/www.advisentlatam.com\/es_ar\/","name":"GROW UP LATAM \u00ae - Agencia Consultora de Influencer Marketing y Creators","description":"","publisher":{"@id":"https:\/\/www.advisentlatam.com\/es_ar\/#organization"},"potentialAction":[{"@type":"SearchAction","target":{"@type":"EntryPoint","urlTemplate":"https:\/\/www.advisentlatam.com\/es_ar\/?s={search_term_string}"},"query-input":{"@type":"PropertyValueSpecification","valueRequired":true,"valueName":"search_term_string"}}],"inLanguage":"en-US"},{"@type":"Organization","@id":"https:\/\/www.advisentlatam.com\/es_ar\/#organization","name":"GROW UP LATAM \u00ae","url":"https:\/\/www.advisentlatam.com\/es_ar\/","logo":{"@type":"ImageObject","inLanguage":"en-US","@id":"https:\/\/www.advisentlatam.com\/es_ar\/#\/schema\/logo\/image\/","url":"https:\/\/www.advisentlatam.com\/wp-content\/uploads\/2024\/11\/logo1-02.svg","contentUrl":"https:\/\/www.advisentlatam.com\/wp-content\/uploads\/2024\/11\/logo1-02.svg","width":1080,"height":342,"caption":"GROW UP LATAM \u00ae"},"image":{"@id":"https:\/\/www.advisentlatam.com\/es_ar\/#\/schema\/logo\/image\/"}}]}},"_links":{"self":[{"href":"https:\/\/www.advisentlatam.com\/en\/wp-json\/wp\/v2\/pages\/3149","targetHints":{"allow":["GET"]}}],"collection":[{"href":"https:\/\/www.advisentlatam.com\/en\/wp-json\/wp\/v2\/pages"}],"about":[{"href":"https:\/\/www.advisentlatam.com\/en\/wp-json\/wp\/v2\/types\/page"}],"author":[{"embeddable":true,"href":"https:\/\/www.advisentlatam.com\/en\/wp-json\/wp\/v2\/users\/2"}],"replies":[{"embeddable":true,"href":"https:\/\/www.advisentlatam.com\/en\/wp-json\/wp\/v2\/comments?post=3149"}],"version-history":[{"count":6,"href":"https:\/\/www.advisentlatam.com\/en\/wp-json\/wp\/v2\/pages\/3149\/revisions"}],"predecessor-version":[{"id":4949,"href":"https:\/\/www.advisentlatam.com\/en\/wp-json\/wp\/v2\/pages\/3149\/revisions\/4949"}],"wp:attachment":[{"href":"https:\/\/www.advisentlatam.com\/en\/wp-json\/wp\/v2\/media?parent=3149"}],"curies":[{"name":"wp","href":"https:\/\/api.w.org\/{rel}","templated":true}]}}