{"id":3149,"date":"2023-09-21T19:19:14","date_gmt":"2023-09-21T19:19:14","guid":{"rendered":"https:\/\/advisentlatam.com\/privacidad\/"},"modified":"2026-03-27T15:44:57","modified_gmt":"2026-03-27T18:44:57","slug":"privacidad","status":"publish","type":"page","link":"https:\/\/www.advisentlatam.com\/es_ar\/privacidad\/","title":{"rendered":"Pol\u00edtica de privacidad"},"content":{"rendered":"\t\t<div data-elementor-type=\"wp-page\" data-elementor-id=\"3149\" class=\"elementor elementor-3149\">\n\t\t\t\t\t\t<section class=\"elementor-section elementor-top-section elementor-element elementor-element-2a13ae76 elementor-section-boxed elementor-section-height-default elementor-section-height-default\" data-id=\"2a13ae76\" data-element_type=\"section\" data-e-type=\"section\">\n\t\t\t\t\t\t<div class=\"elementor-container elementor-column-gap-default\">\n\t\t\t\t\t<div class=\"elementor-column elementor-col-100 elementor-top-column elementor-element elementor-element-2900f6d9\" data-id=\"2900f6d9\" data-element_type=\"column\" data-e-type=\"column\">\n\t\t\t<div class=\"elementor-widget-wrap elementor-element-populated\">\n\t\t\t\t\t\t<div class=\"elementor-element elementor-element-48b93fa elementor-widget elementor-widget-text-editor\" data-id=\"48b93fa\" data-element_type=\"widget\" data-e-type=\"widget\" data-widget_type=\"text-editor.default\">\n\t\t\t\t<div class=\"elementor-widget-container\">\n\t\t\t\t\t\t\t\t\t<p><b>POLITICAS DE PRIVACIDAD<\/b><\/p>\n<p><!-- \/wp:shortcode --><\/p>\t\t\t\t\t\t\t\t<\/div>\n\t\t\t\t<\/div>\n\t\t\t\t\t<\/div>\n\t\t<\/div>\n\t\t\t\t\t<\/div>\n\t\t<\/section>\n\t\t\t\t<section class=\"elementor-section elementor-top-section elementor-element elementor-element-a69adc3 elementor-section-boxed elementor-section-height-default elementor-section-height-default\" data-id=\"a69adc3\" data-element_type=\"section\" data-e-type=\"section\">\n\t\t\t\t\t\t<div class=\"elementor-container elementor-column-gap-default\">\n\t\t\t\t\t<div class=\"elementor-column elementor-col-100 elementor-top-column elementor-element elementor-element-c4a592f\" data-id=\"c4a592f\" data-element_type=\"column\" data-e-type=\"column\">\n\t\t\t<div class=\"elementor-widget-wrap elementor-element-populated\">\n\t\t\t\t\t\t<div class=\"elementor-element elementor-element-829db64 elementor-widget elementor-widget-text-editor\" data-id=\"829db64\" data-element_type=\"widget\" data-e-type=\"widget\" data-widget_type=\"text-editor.default\">\n\t\t\t\t<div class=\"elementor-widget-container\">\n\t\t\t\t\t\t\t\t\t<p><b>INTRODUCCI\u00d3N<\/b><\/p>\n<p><span style=\"font-weight: 400;\">En Advisent Latam, sensibilizados con las necesidades de los usuarios de Internet y conscientes de la importancia de la rigurosa privacidad de la informaci\u00f3n personal que nos conf\u00edan, incluimos esta declaraci\u00f3n de privacidad con el objeto de que seas consciente de la pol\u00edtica en el tratamiento de los datos personales que obtiene de sus visitantes y usuarios.<\/span><\/p>\n<p><span style=\"font-weight: 400;\">Como usuario, aceptas estas condiciones por el mero hecho de leer, visualizar o navegar en el sitio. De no aceptarlas, debes abandonar el sitio, sin hacer uso alguno de \u00e9l y su contenido, y sin acceder a las p\u00e1ginas enlazadas.<\/span><\/p>\n<p><b>RESPONSABLE DEL TRATAMIENTO DE DATOS<\/b><\/p>\n<p><span style=\"font-weight: 400;\">El titular del sitio y responsable del tratamiento de datos es Advisent Latam, con NIE X00000000T, para contactar puedes utilizar la direcci\u00f3n de correo electr\u00f3nico\u00a0<\/span><a href=\"mailto:contacto@advisentlatam.com\"><span style=\"font-weight: 400;\">contacto@advisentlatam.com<\/span><\/a><span style=\"font-weight: 400;\">, el tel\u00e9fono 5491162330588 o correo postal a 13, Rue del Percebe 703 Waterford Way, 805 Miami, FL 33126, c\u00f3digo postal 33126 de Miami, Florida.<\/span><\/p>\n<p><b>FINALIDAD DEL TRATAMIENTO DE DATOS<\/b><\/p>\n<p><span style=\"font-weight: 400;\">En nuestros sitios web, existen unos apartados espec\u00edficos donde puedes anotar tus datos para recibir informaci\u00f3n sobre actualizaciones de nuestra web y de algunos los programas que se distribuyen. Nosotros te aseguramos que la informaci\u00f3n que nos facilites ser\u00e1 gestionada de forma totalmente confidencial.<\/span><\/p>\n<p><span style=\"font-weight: 400;\">Los datos se almacenar\u00e1n mientras exista previsi\u00f3n de su uso para el fin por el que fueron recabados.<\/span><\/p>\n<p><span style=\"font-weight: 400;\">No se realizan tomas de decisiones automatizadas con tus datos.<\/span><\/p>\n<p><span style=\"font-weight: 400;\">La web puede utilizar cookies, consulta nuestra\u00a0<\/span><a href=\"https:\/\/growuplatam.com\/cookies\/\"><span style=\"font-weight: 400;\">pol\u00edtica de cookies<\/span><\/a><span style=\"font-weight: 400;\">.<\/span><\/p>\n<p><b>LEGITIMACI\u00d3N DEL TRATAMIENTO DE DATOS<\/b><\/p>\n<p><span style=\"font-weight: 400;\">El uso de tus datos se realiza porque nos das tu consentimiento para usar los que nos proporcionas en los formularios para un uso espec\u00edfico que se indica en cada uno de ellos. Tus datos solo son necesarios para los usos concretos por los que se te solicitan, si no nos los facilitas, esos servicios no son posibles.<\/span><\/p>\n<p><b>TRANSFERENCIAS Y CESIONES DE DATOS<\/b><\/p>\n<p><span style=\"font-weight: 400;\">Existe un compromiso firme por nuestra parte de que los datos que proporcione a Advisent Latam, no ser\u00e1n vendidos ni cedidos a terceras personas sin el previo consentimiento del interesado bajo ning\u00fan concepto o circunstancia, salvo consentimiento expreso u obligaci\u00f3n legal.<\/span><\/p>\n<p><span style=\"font-weight: 400;\">Nuestro sitio web contiene enlaces hacia sitios web de terceros. Advisent Latam no se hace responsable por las pol\u00edticas y pr\u00e1cticas de privacidad de estos otros sitios.<\/span><\/p>\n<p><b>DERECHOS DE LOS INTERESADOS<\/b><\/p>\n<p><span style=\"font-weight: 400;\">Tienes el derecho de acceder a la informaci\u00f3n que sobre tu persona est\u00e1 almacenada en nuestras bases de datos, rectificarla si existiera alguna errata, suprimirla, limitarla, oponerte a su tratamiento y retirar tu consentimiento si ese es tu deseo. Para ello simplemente debes escribir un e-mail a la direcci\u00f3n de correo electr\u00f3nico\u00a0<\/span><a href=\"mailto:contacto@advisentlatam.com\"><span style=\"font-weight: 400;\">contacto@advisentlatam.com<\/span><\/a><span style=\"font-weight: 400;\">\u00a0donde te atenderemos gustosamente cualquier consulta, comentario o aclaraci\u00f3n requerida al respecto.<\/span><\/p>\n<p><span style=\"font-weight: 400;\">Para mayor informaci\u00f3n sobre temas relacionados, el sitio de referencia en la Red espa\u00f1ola es la\u00a0<\/span><a href=\"https:\/\/www.agpd.es\/\"><span style=\"font-weight: 400;\">Agencia de Protecci\u00f3n de Datos<\/span><\/a><span style=\"font-weight: 400;\">, donde tienes derecho a reclamar.<\/span><\/p>\n<p><b>POLITICAS DE COOKIES<\/b><\/p>\n<h3><b>Este sitio utiliza cookies<\/b><\/h3>\n<p><span style=\"font-weight: 400;\">En cumplimiento de la Ley 34\/2002 de 11 de julio de Servicios de la Sociedad de la Informaci\u00f3n y de Comercio Electr\u00f3nico (LSSICE), te informamos de que este sitio web\u00a0<\/span><b>Advisent Latam<\/b><span style=\"font-weight: 400;\">\u00a0utiliza cookies.<\/span><\/p>\n<p><span style=\"font-weight: 400;\">La LSSICE se aplica a cualquier clase de archivo o dispositivo que se descargue en el equipo terminal de un usuario con el fin de almacenar datos que podr\u00e1n ser actualizados y recuperados por la entidad responsable de su instalaci\u00f3n. Una cookie es uno de esos archivos de uso generalizado a los que, denominaremos gen\u00e9ricamente como cookies.<\/span><\/p>\n<p><span style=\"font-weight: 400;\">Las cookies (en castellano, galletas) son peque\u00f1os ficheros de texto enviados a un navegador desde un servidor web para registrar actividad del usuario en un sitio web de modo que se pueda recuperar esa informaci\u00f3n con posterioridad durante la navegaci\u00f3n por las diferentes p\u00e1ginas que est\u00e9n conectadas al servidor que se las instal\u00f3.<\/span><\/p>\n<p><span style=\"font-weight: 400;\">Las\u00a0<\/span><i><span style=\"font-weight: 400;\">cookies<\/span><\/i><span style=\"font-weight: 400;\">\u00a0suelen almacenar informaci\u00f3n de car\u00e1cter t\u00e9cnico, preferencias personales, personalizaci\u00f3n de contenidos, estad\u00edsticas de uso, enlaces a redes sociales, acceso a cuentas de usuario, etc.<\/span><\/p>\n<h3><b>Tipos de cookies<\/b><\/h3>\n<p><span style=\"font-weight: 400;\">A continuaci\u00f3n, se realiza una clasificaci\u00f3n de las cookies en funci\u00f3n de una serie de categor\u00edas. No obstante es necesario tener en cuenta que una misma cookie puede estar incluida en m\u00e1s de una categor\u00eda.<\/span><\/p>\n<h2><span style=\"font-weight: 400;\">Seg\u00fan la entidad que las gestiona<\/span><\/h2>\n<ul>\n<li style=\"font-weight: 400;\" aria-level=\"1\"><b>Cookies propias:<\/b><span style=\"font-weight: 400;\">\u00a0Son aquellas que se env\u00edan al equipo terminal del usuario desde un equipo o dominio gestionado por el propio editor y desde el que se presta el servicio solicitado por el usuario.<\/span><\/li>\n<li style=\"font-weight: 400;\" aria-level=\"1\"><b>Cookies de terceros:<\/b><span style=\"font-weight: 400;\">\u00a0Son aquellas que se env\u00edan al equipo terminal del usuario desde un equipo o dominio que no es gestionado por el editor, sino por otra entidad que trata los datos obtenidos a trav\u00e9s de las cookies.<\/span><\/li>\n<\/ul>\n<p><span style=\"font-weight: 400;\">En el caso de que las cookies sean instaladas desde un equipo o dominio gestionado por el propio editor, pero la informaci\u00f3n que se recoja mediante estas sea gestionada por un tercero, no son consideradas cookies propias.<\/span><\/p>\n<h2><span style=\"font-weight: 400;\">Seg\u00fan el plazo de tiempo que permanecen activadas<\/span><\/h2>\n<p><span style=\"font-weight: 400;\">Seg\u00fan el plazo de tiempo que permanecen activadas en el equipo terminal podemos distinguir:<\/span><\/p>\n<ul>\n<li style=\"font-weight: 400;\" aria-level=\"1\"><b>Cookies de sesi\u00f3n:<\/b><span style=\"font-weight: 400;\">\u00a0Son un tipo de cookies dise\u00f1adas para recabar y almacenar datos mientras el usuario accede a una p\u00e1gina web. Se suelen emplear para almacenar informaci\u00f3n que solo interesa conservar para la prestaci\u00f3n del servicio solicitado por el usuario en una sola ocasi\u00f3n (p.ej. una lista de productos adquiridos).<\/span><\/li>\n<li style=\"font-weight: 400;\" aria-level=\"1\"><b>Cookies persistentes:<\/b><span style=\"font-weight: 400;\">\u00a0Son un tipo de cookies en el que los datos siguen almacenados en el terminal y pueden ser accedidos y tratados durante un periodo definido por el responsable de la cookie, y que puede ir de unos minutos a varios a\u00f1os.<\/span><\/li>\n<\/ul>\n<h2><span style=\"font-weight: 400;\">Seg\u00fan su finalidad<\/span><\/h2>\n<p><span style=\"font-weight: 400;\">Seg\u00fan la finalidad para la que se traten los datos obtenidos a trav\u00e9s de las cookies, podemos distinguir entre:<\/span><\/p>\n<ul>\n<li style=\"font-weight: 400;\" aria-level=\"1\"><b>Cookies t\u00e9cnicas:<\/b><span style=\"font-weight: 400;\">\u00a0Son aquellas que permiten al usuario la navegaci\u00f3n a trav\u00e9s de una p\u00e1gina web, plataforma o aplicaci\u00f3n y la utilizaci\u00f3n de las diferentes opciones o servicios que en ella existan como, por ejemplo, controlar el tr\u00e1fico y la comunicaci\u00f3n de datos, identificar la sesi\u00f3n, acceder a partes de acceso restringido, recordar los elementos que integran un pedido, realizar el proceso de compra de un pedido, realizar la solicitud de inscripci\u00f3n o participaci\u00f3n en un evento, utilizar elementos de seguridad durante la navegaci\u00f3n, almacenar contenidos para la difusi\u00f3n de videos o sonido o compartir contenidos a trav\u00e9s de redes sociales.<\/span><\/li>\n<li style=\"font-weight: 400;\" aria-level=\"1\"><b>Cookies de personalizaci\u00f3n:<\/b><span style=\"font-weight: 400;\">\u00a0Son aquellas que permiten al usuario acceder al servicio con algunas caracter\u00edsticas de car\u00e1cter general predefinidas en funci\u00f3n de una serie de criterios en el terminal del usuario como por ejemplo serian el idioma, el tipo de navegador a trav\u00e9s del cual accede al servicio, la configuraci\u00f3n regional desde donde accede al servicio, etc.<\/span><\/li>\n<li style=\"font-weight: 400;\" aria-level=\"1\"><b>Cookies de an\u00e1lisis:<\/b><span style=\"font-weight: 400;\">\u00a0Son aquellas que permiten al responsable de las mismas, el seguimiento y an\u00e1lisis del comportamiento de los usuarios de los sitios web a los que est\u00e1n vinculadas. La informaci\u00f3n recogida mediante este tipo de cookies se utiliza en la medici\u00f3n de la actividad de los sitios web, aplicaci\u00f3n o plataforma y para la elaboraci\u00f3n de perfiles de navegaci\u00f3n de los usuarios de dichos sitios, aplicaciones y plataformas, con el fin de introducir mejoras en funci\u00f3n del an\u00e1lisis de los datos de uso que hacen los usuarios del servicio.<\/span><\/li>\n<li style=\"font-weight: 400;\" aria-level=\"1\"><b>Cookies publicitarias:<\/b><span style=\"font-weight: 400;\">\u00a0Son aquellas que permiten la gesti\u00f3n, de la forma m\u00e1s eficaz posible, de los espacios publicitarios que, en su caso, el editor haya incluido en una p\u00e1gina web, aplicaci\u00f3n o plataforma desde la que presta el servicio solicitado en base a criterios como el contenido editado o la frecuencia en la que se muestran los anuncios.<\/span><\/li>\n<li style=\"font-weight: 400;\" aria-level=\"1\"><b>Cookies de publicidad comportamental:<\/b><span style=\"font-weight: 400;\">\u00a0Son aquellas que permiten la gesti\u00f3n, de la forma m\u00e1s eficaz posible, de los espacios publicitarios que, en su caso, el editor haya incluido en una p\u00e1gina web, aplicaci\u00f3n o plataforma desde la que presta el servicio solicitado. Estas cookies almacenan informaci\u00f3n del comportamiento de los usuarios obtenida a trav\u00e9s de la observaci\u00f3n continuada de sus h\u00e1bitos de navegaci\u00f3n, lo que permite desarrollar un perfil espec\u00edfico para mostrar publicidad en funci\u00f3n del mismo.<\/span><\/li>\n<\/ul>\n<h3><b>C\u00f3mo desactivar las cookies en los principales navegadores web<\/b><\/h3>\n<p><span style=\"font-weight: 400;\">Para configurar el uso de cookies, sigue las instrucciones correspondientes a tu navegador o consulta su ayuda:<\/span><\/p>\n<ul>\n<li style=\"font-weight: 400;\" aria-level=\"1\"><a href=\"https:\/\/support.apple.com\/es-es\/HT201265\"><span style=\"font-weight: 400;\">Safari<\/span><\/a><\/li>\n<li style=\"font-weight: 400;\" aria-level=\"1\"><a href=\"https:\/\/support.mozilla.org\/es\/kb\/habilitar-y-deshabilitar-cookies-sitios-web-rastrear-preferencias?redirectlocale=es&amp;redirectslug=habilitar-y-deshabilitar-cookies-que-los-sitios-we\"><span style=\"font-weight: 400;\">Firefox<\/span><\/a><\/li>\n<li style=\"font-weight: 400;\" aria-level=\"1\"><a href=\"https:\/\/support.google.com\/chrome\/answer\/95647?hl=es-es\"><span style=\"font-weight: 400;\">Chrome<\/span><\/a><\/li>\n<li style=\"font-weight: 400;\" aria-level=\"1\"><a href=\"https:\/\/www.opera.com\/help\/tutorials\/security\/privacy\/\"><span style=\"font-weight: 400;\">\u00d3pera<\/span><\/a><\/li>\n<li style=\"font-weight: 400;\" aria-level=\"1\"><a href=\"https:\/\/support.microsoft.com\/es-es\/help\/17442\/windows-internet-explorer-delete-manage-cookies\"><span style=\"font-weight: 400;\">Internet Explorer<\/span><\/a><\/li>\n<li style=\"font-weight: 400;\" aria-level=\"1\"><a href=\"https:\/\/privacy.microsoft.com\/es-es\/windows-10-microsoft-edge-and-privacy\"><span style=\"font-weight: 400;\">Edge<\/span><\/a><\/li>\n<\/ul>\n<h3><b>Qu\u00e9 sucede si no se aceptan las cookies<\/b><\/h3>\n<p><span style=\"font-weight: 400;\">El rechazo de las cookies puede impedir el acceso a contenidos y servicios personalizados.<\/span><\/p>\n<h3><b>Actualizaciones y modificaciones en la pol\u00edtica de cookies<\/b><\/h3>\n<p><span style=\"font-weight: 400;\">Advisent Latam puede modificar esta pol\u00edtica de cookies en funci\u00f3n de las exigencias legislativas, reglamentarias, con la finalidad de adaptar dicha pol\u00edtica a las instrucciones dictadas por la Agencia Espa\u00f1ola de Protecci\u00f3n de Datos, por cuestiones t\u00e9cnicas o de reorganizaci\u00f3n de la web; por ello te aconsejamos que la visites peri\u00f3dicamente.<\/span><\/p>\n<h3><b>Contacto<\/b><\/h3>\n<p><span style=\"font-weight: 400;\">Para resolver cualquier duda sobre c\u00f3mo utilizamos las cookies, escr\u00edbenos a la direcci\u00f3n de correo electr\u00f3nico:\u00a0<\/span><a href=\"mailto:contacto@advisentlatam.com\"><span style=\"font-weight: 400;\">contacto@advisentlatam.com<\/span><\/a><span style=\"font-weight: 400;\">.<\/span><\/p>\t\t\t\t\t\t\t\t<\/div>\n\t\t\t\t<\/div>\n\t\t\t\t\t<\/div>\n\t\t<\/div>\n\t\t\t\t\t<\/div>\n\t\t<\/section>\n\t\t\t\t<\/div>\n\t\t","protected":false},"excerpt":{"rendered":"<p>POLITICAS DE PRIVACIDAD INTRODUCCI\u00d3N En Advisent Latam, sensibilizados con las necesidades de los usuarios de Internet y conscientes de la importancia de la rigurosa privacidad de la informaci\u00f3n personal que nos conf\u00edan, incluimos esta declaraci\u00f3n de privacidad con el objeto de que seas consciente de la pol\u00edtica en el tratamiento de los datos personales que obtiene de sus visitantes y usuarios. Como usuario, aceptas estas condiciones por el mero hecho de leer, visualizar o navegar en el sitio. De no aceptarlas, debes abandonar el sitio, sin hacer uso alguno de \u00e9l y su contenido, y sin acceder a las p\u00e1ginas<\/p>\n","protected":false},"author":2,"featured_media":0,"parent":0,"menu_order":0,"comment_status":"closed","ping_status":"closed","template":"elementor_canvas","meta":{"footnotes":""},"class_list":["post-3149","page","type-page","status-publish","hentry"],"yoast_head":"<!-- This site is optimized with the Yoast SEO plugin v27.4 - https:\/\/yoast.com\/product\/yoast-seo-wordpress\/ -->\n<title>Pol\u00edtica de privacidad - ADVISENT LATAM \u00ae<\/title>\n<meta name=\"robots\" content=\"index, follow, max-snippet:-1, max-image-preview:large, max-video-preview:-1\" \/>\n<link rel=\"canonical\" href=\"http:\/\/www.advisentlatam.com\/es_ar\/privacidad\/\" \/>\n<meta property=\"og:locale\" content=\"es_ES\" \/>\n<meta property=\"og:type\" content=\"article\" \/>\n<meta property=\"og:title\" content=\"Pol\u00edtica de privacidad - ADVISENT LATAM \u00ae\" \/>\n<meta property=\"og:description\" content=\"POLITICAS DE PRIVACIDAD INTRODUCCI\u00d3N En Advisent Latam, sensibilizados con las necesidades de los usuarios de Internet y conscientes de la importancia de la rigurosa privacidad de la informaci\u00f3n personal que nos conf\u00edan, incluimos esta declaraci\u00f3n de privacidad con el objeto de que seas consciente de la pol\u00edtica en el tratamiento de los datos personales que obtiene de sus visitantes y usuarios. Como usuario, aceptas estas condiciones por el mero hecho de leer, visualizar o navegar en el sitio. De no aceptarlas, debes abandonar el sitio, sin hacer uso alguno de \u00e9l y su contenido, y sin acceder a las p\u00e1ginas\" \/>\n<meta property=\"og:url\" content=\"http:\/\/www.advisentlatam.com\/es_ar\/privacidad\/\" \/>\n<meta property=\"og:site_name\" content=\"ADVISENT LATAM \u00ae\" \/>\n<meta property=\"article:modified_time\" content=\"2026-03-27T18:44:57+00:00\" \/>\n<meta name=\"twitter:card\" content=\"summary_large_image\" \/>\n<meta name=\"twitter:label1\" content=\"Tiempo de lectura\" \/>\n\t<meta name=\"twitter:data1\" content=\"7 minutos\" \/>\n<script type=\"application\/ld+json\" class=\"yoast-schema-graph\">{\"@context\":\"https:\\\/\\\/schema.org\",\"@graph\":[{\"@type\":\"WebPage\",\"@id\":\"http:\\\/\\\/www.advisentlatam.com\\\/en\\\/privacidad\\\/\",\"url\":\"http:\\\/\\\/www.advisentlatam.com\\\/en\\\/privacidad\\\/\",\"name\":\"Pol\u00edtica de privacidad - ADVISENT LATAM \u00ae\",\"isPartOf\":{\"@id\":\"https:\\\/\\\/www.advisentlatam.com\\\/es_ar\\\/#website\"},\"datePublished\":\"2023-09-21T19:19:14+00:00\",\"dateModified\":\"2026-03-27T18:44:57+00:00\",\"breadcrumb\":{\"@id\":\"http:\\\/\\\/www.advisentlatam.com\\\/en\\\/privacidad\\\/#breadcrumb\"},\"inLanguage\":\"es-AR\",\"potentialAction\":[{\"@type\":\"ReadAction\",\"target\":[\"http:\\\/\\\/www.advisentlatam.com\\\/en\\\/privacidad\\\/\"]}]},{\"@type\":\"BreadcrumbList\",\"@id\":\"http:\\\/\\\/www.advisentlatam.com\\\/en\\\/privacidad\\\/#breadcrumb\",\"itemListElement\":[{\"@type\":\"ListItem\",\"position\":1,\"name\":\"Inicio\",\"item\":\"https:\\\/\\\/www.advisentlatam.com\\\/es_ar\\\/\"},{\"@type\":\"ListItem\",\"position\":2,\"name\":\"Pol\u00edtica de privacidad\"}]},{\"@type\":\"WebSite\",\"@id\":\"https:\\\/\\\/www.advisentlatam.com\\\/es_ar\\\/#website\",\"url\":\"https:\\\/\\\/www.advisentlatam.com\\\/es_ar\\\/\",\"name\":\"GROW UP LATAM \u00ae - Agencia Consultora de Influencer Marketing y Creators\",\"description\":\"\",\"publisher\":{\"@id\":\"https:\\\/\\\/www.advisentlatam.com\\\/es_ar\\\/#organization\"},\"potentialAction\":[{\"@type\":\"SearchAction\",\"target\":{\"@type\":\"EntryPoint\",\"urlTemplate\":\"https:\\\/\\\/www.advisentlatam.com\\\/es_ar\\\/?s={search_term_string}\"},\"query-input\":{\"@type\":\"PropertyValueSpecification\",\"valueRequired\":true,\"valueName\":\"search_term_string\"}}],\"inLanguage\":\"es-AR\"},{\"@type\":\"Organization\",\"@id\":\"https:\\\/\\\/www.advisentlatam.com\\\/es_ar\\\/#organization\",\"name\":\"GROW UP LATAM \u00ae\",\"url\":\"https:\\\/\\\/www.advisentlatam.com\\\/es_ar\\\/\",\"logo\":{\"@type\":\"ImageObject\",\"inLanguage\":\"es-AR\",\"@id\":\"https:\\\/\\\/www.advisentlatam.com\\\/es_ar\\\/#\\\/schema\\\/logo\\\/image\\\/\",\"url\":\"https:\\\/\\\/www.advisentlatam.com\\\/wp-content\\\/uploads\\\/2024\\\/11\\\/logo1-02.svg\",\"contentUrl\":\"https:\\\/\\\/www.advisentlatam.com\\\/wp-content\\\/uploads\\\/2024\\\/11\\\/logo1-02.svg\",\"width\":1080,\"height\":342,\"caption\":\"GROW UP LATAM \u00ae\"},\"image\":{\"@id\":\"https:\\\/\\\/www.advisentlatam.com\\\/es_ar\\\/#\\\/schema\\\/logo\\\/image\\\/\"}}]}<\/script>\n<!-- \/ Yoast SEO plugin. -->","yoast_head_json":{"title":"Pol\u00edtica de privacidad - ADVISENT LATAM \u00ae","robots":{"index":"index","follow":"follow","max-snippet":"max-snippet:-1","max-image-preview":"max-image-preview:large","max-video-preview":"max-video-preview:-1"},"canonical":"http:\/\/www.advisentlatam.com\/es_ar\/privacidad\/","og_locale":"es_ES","og_type":"article","og_title":"Pol\u00edtica de privacidad - ADVISENT LATAM \u00ae","og_description":"POLITICAS DE PRIVACIDAD INTRODUCCI\u00d3N En Advisent Latam, sensibilizados con las necesidades de los usuarios de Internet y conscientes de la importancia de la rigurosa privacidad de la informaci\u00f3n personal que nos conf\u00edan, incluimos esta declaraci\u00f3n de privacidad con el objeto de que seas consciente de la pol\u00edtica en el tratamiento de los datos personales que obtiene de sus visitantes y usuarios. Como usuario, aceptas estas condiciones por el mero hecho de leer, visualizar o navegar en el sitio. De no aceptarlas, debes abandonar el sitio, sin hacer uso alguno de \u00e9l y su contenido, y sin acceder a las p\u00e1ginas","og_url":"http:\/\/www.advisentlatam.com\/es_ar\/privacidad\/","og_site_name":"ADVISENT LATAM \u00ae","article_modified_time":"2026-03-27T18:44:57+00:00","twitter_card":"summary_large_image","twitter_misc":{"Tiempo de lectura":"7 minutos"},"schema":{"@context":"https:\/\/schema.org","@graph":[{"@type":"WebPage","@id":"http:\/\/www.advisentlatam.com\/en\/privacidad\/","url":"http:\/\/www.advisentlatam.com\/en\/privacidad\/","name":"Pol\u00edtica de privacidad - ADVISENT LATAM \u00ae","isPartOf":{"@id":"https:\/\/www.advisentlatam.com\/es_ar\/#website"},"datePublished":"2023-09-21T19:19:14+00:00","dateModified":"2026-03-27T18:44:57+00:00","breadcrumb":{"@id":"http:\/\/www.advisentlatam.com\/en\/privacidad\/#breadcrumb"},"inLanguage":"es-AR","potentialAction":[{"@type":"ReadAction","target":["http:\/\/www.advisentlatam.com\/en\/privacidad\/"]}]},{"@type":"BreadcrumbList","@id":"http:\/\/www.advisentlatam.com\/en\/privacidad\/#breadcrumb","itemListElement":[{"@type":"ListItem","position":1,"name":"Inicio","item":"https:\/\/www.advisentlatam.com\/es_ar\/"},{"@type":"ListItem","position":2,"name":"Pol\u00edtica de privacidad"}]},{"@type":"WebSite","@id":"https:\/\/www.advisentlatam.com\/es_ar\/#website","url":"https:\/\/www.advisentlatam.com\/es_ar\/","name":"GROW UP LATAM \u00ae - Agencia Consultora de Influencer Marketing y Creators","description":"","publisher":{"@id":"https:\/\/www.advisentlatam.com\/es_ar\/#organization"},"potentialAction":[{"@type":"SearchAction","target":{"@type":"EntryPoint","urlTemplate":"https:\/\/www.advisentlatam.com\/es_ar\/?s={search_term_string}"},"query-input":{"@type":"PropertyValueSpecification","valueRequired":true,"valueName":"search_term_string"}}],"inLanguage":"es-AR"},{"@type":"Organization","@id":"https:\/\/www.advisentlatam.com\/es_ar\/#organization","name":"GROW UP LATAM \u00ae","url":"https:\/\/www.advisentlatam.com\/es_ar\/","logo":{"@type":"ImageObject","inLanguage":"es-AR","@id":"https:\/\/www.advisentlatam.com\/es_ar\/#\/schema\/logo\/image\/","url":"https:\/\/www.advisentlatam.com\/wp-content\/uploads\/2024\/11\/logo1-02.svg","contentUrl":"https:\/\/www.advisentlatam.com\/wp-content\/uploads\/2024\/11\/logo1-02.svg","width":1080,"height":342,"caption":"GROW UP LATAM \u00ae"},"image":{"@id":"https:\/\/www.advisentlatam.com\/es_ar\/#\/schema\/logo\/image\/"}}]}},"_links":{"self":[{"href":"https:\/\/www.advisentlatam.com\/es_ar\/wp-json\/wp\/v2\/pages\/3149","targetHints":{"allow":["GET"]}}],"collection":[{"href":"https:\/\/www.advisentlatam.com\/es_ar\/wp-json\/wp\/v2\/pages"}],"about":[{"href":"https:\/\/www.advisentlatam.com\/es_ar\/wp-json\/wp\/v2\/types\/page"}],"author":[{"embeddable":true,"href":"https:\/\/www.advisentlatam.com\/es_ar\/wp-json\/wp\/v2\/users\/2"}],"replies":[{"embeddable":true,"href":"https:\/\/www.advisentlatam.com\/es_ar\/wp-json\/wp\/v2\/comments?post=3149"}],"version-history":[{"count":6,"href":"https:\/\/www.advisentlatam.com\/es_ar\/wp-json\/wp\/v2\/pages\/3149\/revisions"}],"predecessor-version":[{"id":4949,"href":"https:\/\/www.advisentlatam.com\/es_ar\/wp-json\/wp\/v2\/pages\/3149\/revisions\/4949"}],"wp:attachment":[{"href":"https:\/\/www.advisentlatam.com\/es_ar\/wp-json\/wp\/v2\/media?parent=3149"}],"curies":[{"name":"wp","href":"https:\/\/api.w.org\/{rel}","templated":true}]}}